{"id":2499,"date":"2024-05-02T11:44:00","date_gmt":"2024-05-02T14:44:00","guid":{"rendered":"https:\/\/www.mbe.at\/data-protection"},"modified":"2026-04-20T10:00:48","modified_gmt":"2026-04-20T13:00:48","slug":"data-protection","status":"publish","type":"page","link":"https:\/\/www.mbe.at\/en\/data-protection","title":{"rendered":"Data protection"},"content":{"rendered":"\n<div style=\"background-image:url(&apos;https:\/\/www.mbe.at\/wp-content\/uploads\/2024\/04\/mailboxes-PPJ3376.jpg&apos;);background-size:cover;\" class=\"wp-block-group alignfull is-layout-flow wp-block-group-is-layout-flow has-background\">\n<div class=\"wp-block-group alignwide has-background has-global-padding is-layout-constrained wp-container-core-group-is-layout-c6787eed wp-block-group-is-layout-constrained\" style=\"background-color:#00000075;padding-top:var(--wp--preset--spacing--60);padding-right:0;padding-bottom:var(--wp--preset--spacing--60);padding-left:0\">\n<h1 class=\"wp-block-heading has-text-align-center has-base-2-color has-text-color has-link-color has-x-large-font-size wp-elements-fc90cc966f01995a2fbc43efa3b733ab\" style=\"font-style:normal;font-weight:500\">DATA PROTECTION<\/h1>\n\n\n\n<figure class=\"wp-block-image aligncenter size-full\"><img loading=\"lazy\" decoding=\"async\" width=\"643\" height=\"20\" src=\"https:\/\/www.mbe.at\/wp-content\/uploads\/2024\/02\/baffo.png\" alt=\"\" class=\"wp-image-111\" srcset=\"https:\/\/www.mbe.at\/wp-content\/uploads\/2024\/02\/baffo.png 643w, https:\/\/www.mbe.at\/wp-content\/uploads\/2024\/02\/baffo-300x9.png 300w\" sizes=\"auto, (max-width: 643px) 100vw, 643px\" \/><\/figure>\n<\/div>\n<\/div>\n\n<div class=\"wp-block-columns alignwide is-layout-flex wp-container-core-columns-is-layout-0806ab5c wp-block-columns-is-layout-flex\" style=\"margin-top:var(--wp--preset--spacing--30);margin-bottom:var(--wp--preset--spacing--30)\">\n<div class=\"wp-block-column is-layout-flow wp-block-column-is-layout-flow\" style=\"padding-top:var(--wp--preset--spacing--20);padding-right:var(--wp--preset--spacing--40);padding-bottom:var(--wp--preset--spacing--20);padding-left:var(--wp--preset--spacing--40)\">\n<h2 class=\"wp-block-heading\">PRIVACY POLICY<\/h2>\n\n\n\n<p>The protection of your personal data is of particular importance to us. We therefore process your data exclusively on the basis of the legal provisions (GDPR, Austrian Telecommunications Act 2003). In this privacy policy, we inform you about the most important aspects of data processing within the framework of our website.  <\/p>\n\n\n\n<h3 class=\"wp-block-heading\">ACCESS DATA<\/h3>\n\n\n\n<p>Access data is collected each time the website is accessed and stored in a log file on the server. This data includes: <\/p>\n\n\n\n<ul class=\"wp-block-list\">\n<li>IP-Address<\/li>\n\n\n\n<li>Date and time<\/li>\n\n\n\n<li>Referrer-URL<\/li>\n\n\n\n<li>File name<\/li>\n\n\n\n<li>Amount of data transferred<\/li>\n\n\n\n<li>Browser and operating system<\/li>\n\n\n\n<li>Access status (file found, file not found, etc.)<\/li>\n<\/ul>\n\n\n\n<p>This data is used for statistical analysis, ensuring security, and optimizing the website. The IP address is only analyzed if there is suspicion of illegal use. <\/p>\n\n\n\n<h3 class=\"wp-block-heading\">COOKIES<\/h3>\n\n\n\n<p>Our website uses cookies. These are small text files that are stored on your device by your browser. They do not cause any harm. We use cookies to make our website more user-friendly. Some cookies remain stored on your device until you delete them. They allow us to recognize your browser on your next visit. If you do not wish this, you can configure your browser to inform you about the setting of cookies and only allow them in individual cases. Disabling cookies may limit the functionality of our website.       <\/p>\n\n\n\n<h3 class=\"wp-block-heading\">GOOGLE ANALYTICS<\/h3>\n\n\n\n<p>Diese Website benutzt Google Analytics, einen Webanalysedienst der Google Inc. (\u201eGoogle\u201c). Google Analytics verwendet sog. \u201eCookies\u201c, Textdateien, die auf deinem Computer gespeichert werden und die eine Analyse der Benutzung der Website durch dich erm\u00f6glichen. Die durch den Cookie erzeugten Informationen \u00fcber deine Benutzung dieser Website werden in der Regel an einen Server von Google in den USA \u00fcbertragen und dort gespeichert.   <\/p>\n\n\n\n<p>Im Falle der Aktivierung der IP-Anonymisierung auf dieser Webseite, wird deine IP-Adresse von Google jedoch innerhalb von Mitgliedstaaten der Europ\u00e4ischen Union oder in anderen Vertragsstaaten des Abkommens \u00fcber den Europ\u00e4ischen Wirtschaftsraum zuvor gek\u00fcrzt. Nur in Ausnahmef\u00e4llen wird die volle IP-Adresse an einen Server von Google in den USA \u00fcbertragen und dort gek\u00fcrzt. Die IP-Anonymisierung ist auf dieser Website aktiv. Im Auftrag des Betreibers dieser Website wird Google diese Informationen benutzen, um deine Nutzung der Website auszuwerten, um Reports \u00fcber die Websiteaktivit\u00e4ten zusammenzustellen und um weitere mit der Websitenutzung und der Internetnutzung verbundene Dienstleistungen gegen\u00fcber dem Websitebetreiber zu erbringen.   <\/p>\n\n\n\n<p><a href=\"http:\/\/tools.google.com\/dlpage\/gaoptout?hl=de\" target=\"_blank\" rel=\"noreferrer noopener nofollow\">The IP address transmitted by your browser as part of Google Analytics will not be merged with other Google data. You can prevent the storage of cookies by adjusting your browser settings; however, please note that in this case you may not be able to fully utilize all the functions of this website. Furthermore, you can prevent Google from collecting and processing data generated by the cookie and related to your use of the website (including your IP address) by downloading and installing the browser plugin available at the following link:<br\/>http:\/\/tools.google.com\/dlpage\/gaoptout?hl=de<\/a>  <\/p>\n\n\n\n<p>As an alternative to the browser add-on, or when using browsers on mobile devices, you can set a Google Analytics opt-out cookie to prevent future data collection by Google Analytics on this website (the opt-out only works in this browser and only for this domain). This will place an opt-out cookie on your device. If you delete your cookies in this browser, you will need to click this link again.  <\/p>\n\n\n\n<p id=\"stop-ga\"><a href=\"https:\/\/www.mbe.at\/en\/data-protection\">Disable Google Analytics<\/a><\/p>\n\n\n\n<h3 class=\"wp-block-heading\">CONTACT US<\/h3>\n\n\n\n<p>If you contact us via the form on the website or by email, your data will be stored by us for six months for the purpose of processing your request and in case of follow-up questions. We will not share this data without your consent. <\/p>\n\n\n\n<h3 class=\"wp-block-heading\">YOUR RIGHTS<\/h3>\n\n\n\n<p>You have the fundamental rights to information, rectification, erasure, restriction of processing, data portability, withdrawal of consent, and objection. If you believe that the processing of your data violates data protection law or that your data protection rights have otherwise been infringed, you can lodge a complaint with the supervisory authority. In Austria, this is the Data Protection Authority.  <\/p>\n\n\n\n<h3 class=\"wp-block-heading\">Contacts<\/h3>\n\n\n\n<p>Mail Boxes Etc. (MBE) | GFN Franchising GmbH<br\/>Liebermannstra\u00dfe A01 118,<br\/>2345 Brunn\/Gebirge<\/p>\n\n\n\n<p>Phone: +43 2236-378 944<br\/>Fax:+43 2236-378 945<br\/>E-Mail: <a href=\"mailto:mbe@mbe.at\">mbe@mbe.at <\/a> <\/p>\n<\/div>\n<\/div>\n\n<div class=\"wp-block-columns alignwide cta3 has-accent-4-background-color has-background is-layout-flex wp-container-core-columns-is-layout-bfc79860 wp-block-columns-is-layout-flex\" style=\"margin-top:var(--wp--preset--spacing--40);margin-bottom:var(--wp--preset--spacing--40);padding-top:var(--wp--preset--spacing--30);padding-right:var(--wp--preset--spacing--40);padding-bottom:var(--wp--preset--spacing--30);padding-left:var(--wp--preset--spacing--40)\">\n<div class=\"wp-block-column is-layout-flow wp-block-column-is-layout-flow\" style=\"flex-basis:50%\">\n<h2 class=\"wp-block-heading has-base-2-color has-text-color has-link-color has-large-font-size wp-elements-01e8b70be6ba9be50dc4ba867c194fe9\">Find your nearest MBE Center<\/h2>\n\n\n\n<p class=\"has-base-2-color has-text-color has-link-color wp-elements-e530899d79e5ded46f1ed1cfbb0feb0d\">MBE Austria has a nationwide network with locations throughout the country.<\/p>\n\n\n\n<div class=\"wp-block-buttons is-content-justification-left is-layout-flex wp-container-core-buttons-is-layout-fc4fd283 wp-block-buttons-is-layout-flex\">\n<div class=\"wp-block-button has-custom-width wp-block-button__width-50\"><a class=\"wp-block-button__link has-accent-4-color has-base-2-background-color has-text-color has-background has-link-color wp-element-button\" href=\"https:\/\/www.mbe.at\/en\/office-search\">FIND YOUR MBE CENTER<\/a><\/div>\n<\/div>\n<\/div>\n\n\n\n<div class=\"wp-block-column is-layout-flow wp-block-column-is-layout-flow\" style=\"flex-basis:50%\">\n<figure class=\"wp-block-image size-full\"><img loading=\"lazy\" decoding=\"async\" width=\"245\" height=\"291\" src=\"https:\/\/www.mbe.at\/wp-content\/uploads\/2024\/04\/vector-smart-object-copy.png\" alt=\"\" class=\"wp-image-863\"\/><\/figure>\n<\/div>\n<\/div>\n","protected":false},"excerpt":{"rendered":"<p>DATA PROTECTION PRIVACY POLICY The protection of your personal data is of particular importance to us. We therefore process your data exclusively on the basis of the legal provisions (GDPR, Austrian Telecommunications Act 2003). In this privacy policy, we inform you about the most important aspects of data processing within the framework of our website. [&hellip;]<\/p>\n","protected":false},"author":1,"featured_media":0,"parent":0,"menu_order":0,"comment_status":"closed","ping_status":"closed","template":"","meta":{"footnotes":""},"class_list":["post-2499","page","type-page","status-publish","hentry"],"yoast_head":"<!-- This site is optimized with the Yoast SEO plugin v27.3 - https:\/\/yoast.com\/product\/yoast-seo-wordpress\/ -->\n<title>Data protection at MBE Austria<\/title>\n<meta name=\"description\" content=\"Transparency and security: Learn how MBE Austria handles your data in accordance with the GDPR.\" \/>\n<meta name=\"robots\" content=\"noindex, follow\" \/>\n<meta property=\"og:locale\" content=\"en_US\" \/>\n<meta property=\"og:type\" content=\"article\" \/>\n<meta property=\"og:title\" content=\"Data protection at MBE Austria\" \/>\n<meta property=\"og:description\" content=\"Transparency and security: Learn how MBE Austria handles your data in accordance with the GDPR.\" \/>\n<meta property=\"og:url\" content=\"https:\/\/www.mbe.at\/en\/data-protection\" \/>\n<meta property=\"og:site_name\" content=\"MBE Austria\" \/>\n<meta property=\"article:publisher\" content=\"https:\/\/www.facebook.com\/www.mbe.at\/\" \/>\n<meta property=\"article:modified_time\" content=\"2026-04-20T13:00:48+00:00\" \/>\n<meta property=\"og:image\" content=\"https:\/\/www.mbe.at\/wp-content\/uploads\/2024\/02\/162_t_whoweare_store.jpg\" \/>\n\t<meta property=\"og:image:width\" content=\"643\" \/>\n\t<meta property=\"og:image:height\" content=\"20\" \/>\n\t<meta property=\"og:image:type\" content=\"image\/png\" \/>\n<meta name=\"twitter:card\" content=\"summary_large_image\" \/>\n<meta name=\"twitter:label1\" content=\"Est. reading time\" \/>\n\t<meta name=\"twitter:data1\" content=\"3 minutes\" \/>\n<script type=\"application\/ld+json\" class=\"yoast-schema-graph\">{\"@context\":\"https:\\\/\\\/schema.org\",\"@graph\":[{\"@type\":\"WebPage\",\"@id\":\"https:\\\/\\\/www.mbe.at\\\/en\\\/data-protection\",\"url\":\"https:\\\/\\\/www.mbe.at\\\/en\\\/data-protection\",\"name\":\"Data protection at MBE Austria\",\"isPartOf\":{\"@id\":\"https:\\\/\\\/www.mbe.at\\\/en#website\"},\"primaryImageOfPage\":{\"@id\":\"https:\\\/\\\/www.mbe.at\\\/en\\\/data-protection#primaryimage\"},\"image\":{\"@id\":\"https:\\\/\\\/www.mbe.at\\\/en\\\/data-protection#primaryimage\"},\"thumbnailUrl\":\"https:\\\/\\\/www.mbe.at\\\/wp-content\\\/uploads\\\/2024\\\/02\\\/baffo.png\",\"datePublished\":\"2024-05-02T14:44:00+00:00\",\"dateModified\":\"2026-04-20T13:00:48+00:00\",\"description\":\"Transparency and security: Learn how MBE Austria handles your data in accordance with the GDPR.\",\"breadcrumb\":{\"@id\":\"https:\\\/\\\/www.mbe.at\\\/en\\\/data-protection#breadcrumb\"},\"inLanguage\":\"en-US\",\"potentialAction\":[{\"@type\":\"ReadAction\",\"target\":[\"https:\\\/\\\/www.mbe.at\\\/en\\\/data-protection\"]}]},{\"@type\":\"ImageObject\",\"inLanguage\":\"en-US\",\"@id\":\"https:\\\/\\\/www.mbe.at\\\/en\\\/data-protection#primaryimage\",\"url\":\"https:\\\/\\\/www.mbe.at\\\/wp-content\\\/uploads\\\/2024\\\/02\\\/baffo.png\",\"contentUrl\":\"https:\\\/\\\/www.mbe.at\\\/wp-content\\\/uploads\\\/2024\\\/02\\\/baffo.png\"},{\"@type\":\"BreadcrumbList\",\"@id\":\"https:\\\/\\\/www.mbe.at\\\/en\\\/data-protection#breadcrumb\",\"itemListElement\":[{\"@type\":\"ListItem\",\"position\":1,\"name\":\"Home\",\"item\":\"https:\\\/\\\/www.mbe.at\\\/en\\\/home\"},{\"@type\":\"ListItem\",\"position\":2,\"name\":\"Data protection\"}]},{\"@type\":\"WebSite\",\"@id\":\"https:\\\/\\\/www.mbe.at\\\/en#website\",\"url\":\"https:\\\/\\\/www.mbe.at\\\/en\",\"name\":\"MBE Austria\",\"description\":\"\",\"publisher\":{\"@id\":\"https:\\\/\\\/www.mbe.at\\\/en#organization\"},\"potentialAction\":[{\"@type\":\"SearchAction\",\"target\":{\"@type\":\"EntryPoint\",\"urlTemplate\":\"https:\\\/\\\/www.mbe.at\\\/en?s={search_term_string}\"},\"query-input\":{\"@type\":\"PropertyValueSpecification\",\"valueRequired\":true,\"valueName\":\"search_term_string\"}}],\"inLanguage\":\"en-US\"},{\"@type\":\"Organization\",\"@id\":\"https:\\\/\\\/www.mbe.at\\\/en#organization\",\"name\":\"Mail Boxes Etc. Austria\",\"url\":\"https:\\\/\\\/www.mbe.at\\\/en\",\"logo\":{\"@type\":\"ImageObject\",\"inLanguage\":\"en-US\",\"@id\":\"https:\\\/\\\/www.mbe.at\\\/en#\\\/schema\\\/logo\\\/image\\\/\",\"url\":\"https:\\\/\\\/www.mbe.at\\\/wp-content\\\/uploads\\\/2024\\\/02\\\/favicon-min.png\",\"contentUrl\":\"https:\\\/\\\/www.mbe.at\\\/wp-content\\\/uploads\\\/2024\\\/02\\\/favicon-min.png\",\"width\":192,\"height\":192,\"caption\":\"Mail Boxes Etc. Austria\"},\"image\":{\"@id\":\"https:\\\/\\\/www.mbe.at\\\/en#\\\/schema\\\/logo\\\/image\\\/\"},\"sameAs\":[\"https:\\\/\\\/www.facebook.com\\\/www.mbe.at\\\/\",\"https:\\\/\\\/www.youtube.com\\\/channel\\\/UChDXo5OuZwRmZL86gpU5sNA\"]}]}<\/script>\n<!-- \/ Yoast SEO plugin. -->","yoast_head_json":{"title":"Data protection at MBE Austria","description":"Transparency and security: Learn how MBE Austria handles your data in accordance with the GDPR.","robots":{"index":"noindex","follow":"follow"},"og_locale":"en_US","og_type":"article","og_title":"Data protection at MBE Austria","og_description":"Transparency and security: Learn how MBE Austria handles your data in accordance with the GDPR.","og_url":"https:\/\/www.mbe.at\/en\/data-protection","og_site_name":"MBE Austria","article_publisher":"https:\/\/www.facebook.com\/www.mbe.at\/","article_modified_time":"2026-04-20T13:00:48+00:00","og_image":[{"width":643,"height":20,"url":"https:\/\/www.mbe.at\/wp-content\/uploads\/2024\/02\/162_t_whoweare_store.jpg","type":"image\/png"}],"twitter_card":"summary_large_image","twitter_misc":{"Est. reading time":"3 minutes"},"schema":{"@context":"https:\/\/schema.org","@graph":[{"@type":"WebPage","@id":"https:\/\/www.mbe.at\/en\/data-protection","url":"https:\/\/www.mbe.at\/en\/data-protection","name":"Data protection at MBE Austria","isPartOf":{"@id":"https:\/\/www.mbe.at\/en#website"},"primaryImageOfPage":{"@id":"https:\/\/www.mbe.at\/en\/data-protection#primaryimage"},"image":{"@id":"https:\/\/www.mbe.at\/en\/data-protection#primaryimage"},"thumbnailUrl":"https:\/\/www.mbe.at\/wp-content\/uploads\/2024\/02\/baffo.png","datePublished":"2024-05-02T14:44:00+00:00","dateModified":"2026-04-20T13:00:48+00:00","description":"Transparency and security: Learn how MBE Austria handles your data in accordance with the GDPR.","breadcrumb":{"@id":"https:\/\/www.mbe.at\/en\/data-protection#breadcrumb"},"inLanguage":"en-US","potentialAction":[{"@type":"ReadAction","target":["https:\/\/www.mbe.at\/en\/data-protection"]}]},{"@type":"ImageObject","inLanguage":"en-US","@id":"https:\/\/www.mbe.at\/en\/data-protection#primaryimage","url":"https:\/\/www.mbe.at\/wp-content\/uploads\/2024\/02\/baffo.png","contentUrl":"https:\/\/www.mbe.at\/wp-content\/uploads\/2024\/02\/baffo.png"},{"@type":"BreadcrumbList","@id":"https:\/\/www.mbe.at\/en\/data-protection#breadcrumb","itemListElement":[{"@type":"ListItem","position":1,"name":"Home","item":"https:\/\/www.mbe.at\/en\/home"},{"@type":"ListItem","position":2,"name":"Data protection"}]},{"@type":"WebSite","@id":"https:\/\/www.mbe.at\/en#website","url":"https:\/\/www.mbe.at\/en","name":"MBE Austria","description":"","publisher":{"@id":"https:\/\/www.mbe.at\/en#organization"},"potentialAction":[{"@type":"SearchAction","target":{"@type":"EntryPoint","urlTemplate":"https:\/\/www.mbe.at\/en?s={search_term_string}"},"query-input":{"@type":"PropertyValueSpecification","valueRequired":true,"valueName":"search_term_string"}}],"inLanguage":"en-US"},{"@type":"Organization","@id":"https:\/\/www.mbe.at\/en#organization","name":"Mail Boxes Etc. Austria","url":"https:\/\/www.mbe.at\/en","logo":{"@type":"ImageObject","inLanguage":"en-US","@id":"https:\/\/www.mbe.at\/en#\/schema\/logo\/image\/","url":"https:\/\/www.mbe.at\/wp-content\/uploads\/2024\/02\/favicon-min.png","contentUrl":"https:\/\/www.mbe.at\/wp-content\/uploads\/2024\/02\/favicon-min.png","width":192,"height":192,"caption":"Mail Boxes Etc. Austria"},"image":{"@id":"https:\/\/www.mbe.at\/en#\/schema\/logo\/image\/"},"sameAs":["https:\/\/www.facebook.com\/www.mbe.at\/","https:\/\/www.youtube.com\/channel\/UChDXo5OuZwRmZL86gpU5sNA"]}]}},"_links":{"self":[{"href":"https:\/\/www.mbe.at\/en\/wp-json\/wp\/v2\/pages\/2499","targetHints":{"allow":["GET"]}}],"collection":[{"href":"https:\/\/www.mbe.at\/en\/wp-json\/wp\/v2\/pages"}],"about":[{"href":"https:\/\/www.mbe.at\/en\/wp-json\/wp\/v2\/types\/page"}],"author":[{"embeddable":true,"href":"https:\/\/www.mbe.at\/en\/wp-json\/wp\/v2\/users\/1"}],"replies":[{"embeddable":true,"href":"https:\/\/www.mbe.at\/en\/wp-json\/wp\/v2\/comments?post=2499"}],"version-history":[{"count":1,"href":"https:\/\/www.mbe.at\/en\/wp-json\/wp\/v2\/pages\/2499\/revisions"}],"predecessor-version":[{"id":2500,"href":"https:\/\/www.mbe.at\/en\/wp-json\/wp\/v2\/pages\/2499\/revisions\/2500"}],"wp:attachment":[{"href":"https:\/\/www.mbe.at\/en\/wp-json\/wp\/v2\/media?parent=2499"}],"curies":[{"name":"wp","href":"https:\/\/api.w.org\/{rel}","templated":true}]}}