{"id":2552,"date":"2024-04-25T08:38:25","date_gmt":"2024-04-25T11:38:25","guid":{"rendered":"https:\/\/www.mbe.at\/about-mbe\/service-portfolio"},"modified":"2026-04-21T12:44:26","modified_gmt":"2026-04-21T15:44:26","slug":"service-portfolio","status":"publish","type":"page","link":"https:\/\/www.mbe.at\/en\/about-mbe\/service-portfolio","title":{"rendered":"Service Portfolio"},"content":{"rendered":"\n<div class=\"wp-block-group alignfull is-layout-flow wp-block-group-is-layout-flow has-background\" style=\"margin-bottom:var(--wp--preset--spacing--30);background-image:url(&apos;https:\/\/www.mbe.at\/wp-content\/uploads\/2024\/05\/mbe-austria.webp&apos;);background-size:cover;\">\n<div class=\"wp-block-group alignwide has-background has-global-padding is-layout-constrained wp-container-core-group-is-layout-c6787eed wp-block-group-is-layout-constrained\" style=\"background-color:#00000075;padding-top:var(--wp--preset--spacing--60);padding-right:0;padding-bottom:var(--wp--preset--spacing--60);padding-left:0\">\n<div class=\"wp-block-columns is-layout-flex wp-container-core-columns-is-layout-28f84493 wp-block-columns-is-layout-flex\">\n<div class=\"wp-block-column is-layout-flow wp-block-column-is-layout-flow\" style=\"flex-basis:100%\">\n<h1 class=\"wp-block-heading has-text-align-center has-base-2-color has-text-color has-link-color has-x-large-font-size wp-elements-f7442cbc3c4846dc689773963b44c743\" style=\"font-style:normal;font-weight:500\">Service Portfolio<\/h1>\n\n\n\n<figure class=\"wp-block-image aligncenter size-full\"><img loading=\"lazy\" decoding=\"async\" width=\"643\" height=\"20\" src=\"https:\/\/www.mbe.at\/wp-content\/uploads\/2024\/02\/baffo.png\" alt=\"\" class=\"wp-image-111\" srcset=\"https:\/\/www.mbe.at\/wp-content\/uploads\/2024\/02\/baffo.png 643w, https:\/\/www.mbe.at\/wp-content\/uploads\/2024\/02\/baffo-300x9.png 300w\" sizes=\"auto, (max-width: 643px) 100vw, 643px\" \/><\/figure>\n<\/div>\n<\/div>\n<\/div>\n<\/div>\n\n<div class=\"wp-block-group alignwide is-layout-flow wp-block-group-is-layout-flow\">\n<p>Mail Boxes Etc.&#8217;s service portfolio extends far beyond standard services and is specifically tailored to the individual needs of small and medium-sized enterprises. Through a wide range of customized solutions, MBE simplifies the everyday lives of its customers, both private and business. <\/p>\n\n\n\n<p>Especially in today&#8217;s hectic and digital world, optimizing time and business processes is crucial. Setting priorities is essential for achieving top performance. MBE is happy to support you with its broad portfolio of services and products. With MBE&#8217;s diverse range of services, experience, professionalism, and expertise, you&#8217;ll achieve high levels of customer and partner satisfaction. You&#8217;ll also save time and gain more flexibility!    <br\/>Trust in our expertise. Rely on our MBE network \u2013 we make the seemingly impossible possible! <\/p>\n\n\n\n<p>Our service portfolio at a glance:<\/p>\n\n\n\n<div class=\"wp-block-columns alignwide services is-layout-flex wp-container-core-columns-is-layout-6633889d wp-block-columns-is-layout-flex\" style=\"margin-top:var(--wp--preset--spacing--10);margin-bottom:var(--wp--preset--spacing--50)\">\n<div class=\"wp-block-column is-layout-flow wp-block-column-is-layout-flow\">\n<figure class=\"wp-block-image size-full is-resized\"><img loading=\"lazy\" decoding=\"async\" width=\"150\" height=\"150\" src=\"https:\/\/www.mbe.at\/wp-content\/uploads\/2024\/02\/mbe-mailboxes-min.png\" alt=\"\" class=\"wp-image-145\" style=\"object-fit:cover;width:54px;height:54px\"\/><\/figure>\n\n\n\n<h3 class=\"wp-block-heading has-accent-4-color has-text-color has-link-color wp-elements-0e7910487b67d247f2855d1890884d75\" style=\"font-style:normal;font-weight:500\"><a href=\"https:\/\/www.mbe.at\/postmanagement\">Postmanagement<\/a><\/h3>\n\n\n\n<p>Mail Boxes Etc. bietet ein komplettes und professionelles Management f\u00fcr deine postalischen Anliegen.<\/p>\n\n\n\n<p class=\"has-arrow has-accent-4-color has-text-color has-link-color wp-elements-69e6be2ae4a0bcce1bd1b693f58ccc3b\"><strong><a href=\"https:\/\/www.mbe.at\/postmanagement\">Entdecke mehr<\/a><\/strong><\/p>\n<\/div>\n\n\n\n<div class=\"wp-block-column is-layout-flow wp-block-column-is-layout-flow\">\n<figure class=\"wp-block-image size-full is-resized\"><img loading=\"lazy\" decoding=\"async\" width=\"150\" height=\"150\" src=\"https:\/\/www.mbe.at\/wp-content\/uploads\/2024\/02\/international-shipping-min.png\" alt=\"\" class=\"wp-image-147\" style=\"object-fit:cover;width:54px;height:54px\"\/><\/figure>\n\n\n\n<h3 class=\"wp-block-heading has-accent-4-color has-text-color has-link-color wp-elements-bf1286aef088970c18b41a02a2113879\" style=\"font-style:normal;font-weight:500\"><a href=\"https:\/\/www.mbe.at\/verpackung-versand\">Verpackung &amp; Versand<\/a><\/h3>\n\n\n\n<p>Ob ein Brief oder Frachtversand, ob Standard oder Express, mit der jahrelangen Erfahrung und Kompetenz von MBE werden deine Sendungen professionell verpackt und versendet.<\/p>\n\n\n\n<p class=\"has-arrow has-accent-4-color has-text-color has-link-color wp-elements-a29245b35e030d48edf250ade52717d0\"><strong><a href=\"https:\/\/www.mbe.at\/verpackung-versand\">Entdecke mehr<\/a><\/strong><\/p>\n<\/div>\n\n\n\n<div class=\"wp-block-column is-layout-flow wp-block-column-is-layout-flow\">\n<figure class=\"wp-block-image size-full is-resized\"><img loading=\"lazy\" decoding=\"async\" width=\"150\" height=\"151\" src=\"https:\/\/www.mbe.at\/wp-content\/uploads\/2024\/02\/pack-and-ship-min.png\" alt=\"\" class=\"wp-image-146\" style=\"object-fit:cover;width:54px;height:54px\"\/><\/figure>\n\n\n\n<h3 class=\"wp-block-heading has-accent-4-color has-text-color has-link-color wp-elements-43716107c46026b6bc1d65ccc912c4ae\" style=\"font-style:normal;font-weight:500\"><a href=\"https:\/\/www.mbe.at\/lagerhaltung-auftragsabwicklung\">Lagerhaltung &amp;<br>Auftragsabwicklung<\/a><\/h3>\n\n\n\n<p>Dank umfassender und flexibler Fulfillment-L\u00f6sungen ist Mail Boxes Etc. der ideale Partner f\u00fcr die Abwicklung deiner Warenauftr\u00e4ge entlang der gesamten Logistikkette.<\/p>\n\n\n\n<p class=\"has-arrow has-accent-4-color has-text-color has-link-color wp-elements-95c6d21292960d85dc5cd7ec3e792493\"><strong><a href=\"https:\/\/www.mbe.at\/lagerhaltung-auftragsabwicklung\">Entdecke mehr<\/a><\/strong><\/p>\n<\/div>\n\n\n\n<div class=\"wp-block-column is-layout-flow wp-block-column-is-layout-flow\">\n<figure class=\"wp-block-image size-full is-resized\"><a href=\"https:\/\/www.mbe.at\/grafik-druck\"><img loading=\"lazy\" decoding=\"async\" width=\"150\" height=\"150\" src=\"https:\/\/www.mbe.at\/wp-content\/uploads\/2024\/02\/printing-min.png\" alt=\"\" class=\"wp-image-149\" style=\"object-fit:cover;width:54px;height:54px\"\/><\/a><\/figure>\n\n\n\n<h3 class=\"wp-block-heading has-accent-4-color has-text-color has-link-color wp-elements-d4354a51a48e210d36406bf747e2d626\" style=\"font-style:normal;font-weight:500\"><a href=\"https:\/\/www.mbe.at\/grafik-druck\">Grafik &amp; Druck<\/a><\/h3>\n\n\n\n<p>Mail Boxes Etc. bietet kreative und flexible Druckl\u00f6sungen budget-, zeit- und qualit\u00e4tsgerecht in verschiedensten Formaten an.<\/p>\n\n\n\n<p class=\"has-arrow has-accent-4-color has-text-color has-link-color wp-elements-295db745d830867d1d2b2da13b8c89b4\"><strong><a href=\"https:\/\/www.mbe.at\/grafik-druck\">Entdecke mehr<\/a><\/strong><\/p>\n<\/div>\n\n\n\n<div class=\"wp-block-column is-layout-flow wp-block-column-is-layout-flow\">\n<figure class=\"wp-block-image size-full is-resized\"><img loading=\"lazy\" decoding=\"async\" width=\"54\" height=\"54\" src=\"https:\/\/www.mbe.at\/wp-content\/uploads\/2024\/04\/dynamic-custom-min.png\" alt=\"\" class=\"wp-image-833\" style=\"object-fit:cover;width:54px;height:54px\"\/><\/figure>\n\n\n\n<h3 class=\"wp-block-heading has-accent-4-color has-text-color has-link-color wp-elements-92182605b8497b7bd07d9f3d97ab6119\" style=\"font-style:normal;font-weight:500\"><a href=\"https:\/\/www.mbe.at\/dynamischer-druckstore\">Dynamischer Druckstore<\/a><\/h3>\n\n\n\n<p>Mit der Einrichtung eines eigenen Online-Zugangs kannst du auf \u201eYoUr Store\u201c Druckprojekte im Firmendesign hinterlegen, eigenst\u00e4ndig personalisieren und nach Bedarf bestellen.<\/p>\n\n\n\n<p class=\"has-arrow has-accent-4-color has-text-color has-link-color wp-elements-efc03fb2b20ccda0691c418f43c589fc\"><strong><a href=\"https:\/\/www.mbe.at\/dynamischer-druckstore\">Entdecke mehr<\/a><\/strong><\/p>\n<\/div>\n\n\n\n<div class=\"wp-block-column is-layout-flow wp-block-column-is-layout-flow\">\n<figure class=\"wp-block-image size-full is-resized\"><img loading=\"lazy\" decoding=\"async\" width=\"54\" height=\"54\" src=\"https:\/\/www.mbe.at\/wp-content\/uploads\/2024\/04\/marketing-solutions-rg-min.png\" alt=\"\" class=\"wp-image-835\" style=\"object-fit:cover;width:54px;height:54px\"\/><\/figure>\n\n\n\n<h3 class=\"wp-block-heading has-accent-4-color has-text-color has-link-color wp-elements-893ef94eb7a9e6d6cff750c0dd09bf90\" style=\"font-style:normal;font-weight:500\"><a href=\"https:\/\/www.mbe.at\/crossmedia\">Crossmedia<\/a><\/h3>\n\n\n\n<p>Mit MBE kannst du ganz einfach verschiedene Medien verkn\u00fcpfen, um deine Kunden mit mehrstufigen Kampagnen anzusprechen.<\/p>\n\n\n\n<p class=\"has-arrow has-accent-4-color has-text-color has-link-color wp-elements-dadad0feaf2aac87b891f13f5926d8c5\"><strong><a href=\"https:\/\/www.mbe.at\/crossmedia\">Entdecke mehr<\/a><\/strong><\/p>\n<\/div>\n<\/div>\n<\/div>\n\n<div class=\"wp-block-group alignwide bgcontain cta2 has-global-padding is-layout-constrained wp-block-group-is-layout-constrained has-background\" style=\"margin-top:var(--wp--preset--spacing--40);margin-bottom:0;padding-top:var(--wp--preset--spacing--40);padding-bottom:var(--wp--preset--spacing--40);background-image:url(&apos;https:\/\/www.mbe.at\/wp-content\/uploads\/2024\/04\/mbe-path-alt.png&apos;);background-size:cover;\">\n<div class=\"wp-block-columns alignwide is-layout-flex wp-container-core-columns-is-layout-28f84493 wp-block-columns-is-layout-flex\">\n<div class=\"wp-block-column is-vertically-aligned-center has-accent-4-background-color has-background is-layout-flow wp-block-column-is-layout-flow\" style=\"padding-top:var(--wp--preset--spacing--40);padding-right:var(--wp--preset--spacing--60);padding-bottom:var(--wp--preset--spacing--40);padding-left:var(--wp--preset--spacing--30);flex-basis:66.66%\">\n<p class=\"has-base-2-color has-text-color has-link-color has-large-font-size wp-elements-5911f802d86e1895c4c96405059b3253\">Hello, I&#8217;m MBE-SAM, your service partner!<\/p>\n\n\n\n<p class=\"has-base-2-color has-text-color has-link-color wp-elements-092dc33950f2edd58a65e69539856773\">I take care of your mail and parcels. Worldwide.<\/p>\n\n\n\n<div class=\"wp-block-buttons is-content-justification-center is-layout-flex wp-container-core-buttons-is-layout-a89b3969 wp-block-buttons-is-layout-flex\">\n<div class=\"wp-block-button is-style-fill\"><a class=\"wp-block-button__link has-accent-4-color has-base-2-background-color has-text-color has-background has-link-color has-medium-font-size has-custom-font-size wp-element-button\" href=\"https:\/\/www.mbe.at\/en\/contact\" style=\"padding-top:var(--wp--preset--spacing--10);padding-bottom:var(--wp--preset--spacing--10)\">HOW CAN I HELP YOU?<\/a><\/div>\n<\/div>\n<\/div>\n\n\n\n<div class=\"wp-block-column is-layout-flow wp-block-column-is-layout-flow\" style=\"flex-basis:33.33%\">\n<figure class=\"wp-block-image size-full sam\"><img loading=\"lazy\" decoding=\"async\" width=\"380\" height=\"425\" src=\"https:\/\/www.mbe.at\/wp-content\/uploads\/2024\/04\/sam-min.png\" alt=\"\" class=\"wp-image-815\" srcset=\"https:\/\/www.mbe.at\/wp-content\/uploads\/2024\/04\/sam-min.png 380w, https:\/\/www.mbe.at\/wp-content\/uploads\/2024\/04\/sam-min-268x300.png 268w\" sizes=\"auto, (max-width: 380px) 100vw, 380px\" \/><\/figure>\n<\/div>\n<\/div>\n<\/div>\n","protected":false},"excerpt":{"rendered":"<p>Service Portfolio Mail Boxes Etc.&#8217;s service portfolio extends far beyond standard services and is specifically tailored to the individual needs of small and medium-sized enterprises. Through a wide range of customized solutions, MBE simplifies the everyday lives of its customers, both private and business. Especially in today&#8217;s hectic and digital world, optimizing time and business [&hellip;]<\/p>\n","protected":false},"author":2,"featured_media":0,"parent":2546,"menu_order":0,"comment_status":"closed","ping_status":"closed","template":"","meta":{"footnotes":""},"class_list":["post-2552","page","type-page","status-publish","hentry"],"yoast_head":"<!-- This site is optimized with the Yoast SEO plugin v27.3 - https:\/\/yoast.com\/product\/yoast-seo-wordpress\/ -->\n<title>Service portfolio of MBE Austria<\/title>\n<meta name=\"description\" content=\"Discover our wide portfolio: Packaging &amp; Shipping, Printing Services, Warehouse Logistics and Marketing Solutions.\" \/>\n<meta name=\"robots\" content=\"index, follow, max-snippet:-1, max-image-preview:large, max-video-preview:-1\" \/>\n<link rel=\"canonical\" href=\"https:\/\/www.mbe.at\/en\/about-mbe\/service-portfolio\" \/>\n<meta property=\"og:locale\" content=\"en_US\" \/>\n<meta property=\"og:type\" content=\"article\" \/>\n<meta property=\"og:title\" content=\"Service portfolio of MBE Austria\" \/>\n<meta property=\"og:description\" content=\"Discover our wide portfolio: Packaging &amp; Shipping, Printing Services, Warehouse Logistics and Marketing Solutions.\" \/>\n<meta property=\"og:url\" content=\"https:\/\/www.mbe.at\/en\/about-mbe\/service-portfolio\" \/>\n<meta property=\"og:site_name\" content=\"MBE Austria\" \/>\n<meta property=\"article:publisher\" content=\"https:\/\/www.facebook.com\/www.mbe.at\/\" \/>\n<meta property=\"article:modified_time\" content=\"2026-04-21T15:44:26+00:00\" \/>\n<meta property=\"og:image\" content=\"https:\/\/www.mbe.at\/wp-content\/uploads\/2024\/02\/162_t_whoweare_store.jpg\" \/>\n\t<meta property=\"og:image:width\" content=\"643\" \/>\n\t<meta property=\"og:image:height\" content=\"20\" \/>\n\t<meta property=\"og:image:type\" content=\"image\/png\" \/>\n<meta name=\"twitter:card\" content=\"summary_large_image\" \/>\n<meta name=\"twitter:label1\" content=\"Est. reading time\" \/>\n\t<meta name=\"twitter:data1\" content=\"1 minute\" \/>\n<script type=\"application\/ld+json\" class=\"yoast-schema-graph\">{\"@context\":\"https:\\\/\\\/schema.org\",\"@graph\":[{\"@type\":\"WebPage\",\"@id\":\"https:\\\/\\\/www.mbe.at\\\/en\\\/about-mbe\\\/service-portfolio\",\"url\":\"https:\\\/\\\/www.mbe.at\\\/en\\\/about-mbe\\\/service-portfolio\",\"name\":\"Service portfolio of MBE Austria\",\"isPartOf\":{\"@id\":\"https:\\\/\\\/www.mbe.at\\\/en#website\"},\"primaryImageOfPage\":{\"@id\":\"https:\\\/\\\/www.mbe.at\\\/en\\\/about-mbe\\\/service-portfolio#primaryimage\"},\"image\":{\"@id\":\"https:\\\/\\\/www.mbe.at\\\/en\\\/about-mbe\\\/service-portfolio#primaryimage\"},\"thumbnailUrl\":\"https:\\\/\\\/www.mbe.at\\\/wp-content\\\/uploads\\\/2024\\\/02\\\/baffo.png\",\"datePublished\":\"2024-04-25T11:38:25+00:00\",\"dateModified\":\"2026-04-21T15:44:26+00:00\",\"description\":\"Discover our wide portfolio: Packaging & Shipping, Printing Services, Warehouse Logistics and Marketing Solutions.\",\"breadcrumb\":{\"@id\":\"https:\\\/\\\/www.mbe.at\\\/en\\\/about-mbe\\\/service-portfolio#breadcrumb\"},\"inLanguage\":\"en-US\",\"potentialAction\":[{\"@type\":\"ReadAction\",\"target\":[\"https:\\\/\\\/www.mbe.at\\\/en\\\/about-mbe\\\/service-portfolio\"]}]},{\"@type\":\"ImageObject\",\"inLanguage\":\"en-US\",\"@id\":\"https:\\\/\\\/www.mbe.at\\\/en\\\/about-mbe\\\/service-portfolio#primaryimage\",\"url\":\"https:\\\/\\\/www.mbe.at\\\/wp-content\\\/uploads\\\/2024\\\/02\\\/baffo.png\",\"contentUrl\":\"https:\\\/\\\/www.mbe.at\\\/wp-content\\\/uploads\\\/2024\\\/02\\\/baffo.png\"},{\"@type\":\"BreadcrumbList\",\"@id\":\"https:\\\/\\\/www.mbe.at\\\/en\\\/about-mbe\\\/service-portfolio#breadcrumb\",\"itemListElement\":[{\"@type\":\"ListItem\",\"position\":1,\"name\":\"Home\",\"item\":\"https:\\\/\\\/www.mbe.at\\\/en\\\/home\"},{\"@type\":\"ListItem\",\"position\":2,\"name\":\"About MBE\",\"item\":\"https:\\\/\\\/www.mbe.at\\\/en\\\/about-mbe\"},{\"@type\":\"ListItem\",\"position\":3,\"name\":\"Service Portfolio\"}]},{\"@type\":\"WebSite\",\"@id\":\"https:\\\/\\\/www.mbe.at\\\/en#website\",\"url\":\"https:\\\/\\\/www.mbe.at\\\/en\",\"name\":\"MBE Austria\",\"description\":\"\",\"publisher\":{\"@id\":\"https:\\\/\\\/www.mbe.at\\\/en#organization\"},\"potentialAction\":[{\"@type\":\"SearchAction\",\"target\":{\"@type\":\"EntryPoint\",\"urlTemplate\":\"https:\\\/\\\/www.mbe.at\\\/en?s={search_term_string}\"},\"query-input\":{\"@type\":\"PropertyValueSpecification\",\"valueRequired\":true,\"valueName\":\"search_term_string\"}}],\"inLanguage\":\"en-US\"},{\"@type\":\"Organization\",\"@id\":\"https:\\\/\\\/www.mbe.at\\\/en#organization\",\"name\":\"Mail Boxes Etc. Austria\",\"url\":\"https:\\\/\\\/www.mbe.at\\\/en\",\"logo\":{\"@type\":\"ImageObject\",\"inLanguage\":\"en-US\",\"@id\":\"https:\\\/\\\/www.mbe.at\\\/en#\\\/schema\\\/logo\\\/image\\\/\",\"url\":\"https:\\\/\\\/www.mbe.at\\\/wp-content\\\/uploads\\\/2024\\\/02\\\/favicon-min.png\",\"contentUrl\":\"https:\\\/\\\/www.mbe.at\\\/wp-content\\\/uploads\\\/2024\\\/02\\\/favicon-min.png\",\"width\":192,\"height\":192,\"caption\":\"Mail Boxes Etc. Austria\"},\"image\":{\"@id\":\"https:\\\/\\\/www.mbe.at\\\/en#\\\/schema\\\/logo\\\/image\\\/\"},\"sameAs\":[\"https:\\\/\\\/www.facebook.com\\\/www.mbe.at\\\/\",\"https:\\\/\\\/www.youtube.com\\\/channel\\\/UChDXo5OuZwRmZL86gpU5sNA\"]}]}<\/script>\n<!-- \/ Yoast SEO plugin. -->","yoast_head_json":{"title":"Service portfolio of MBE Austria","description":"Discover our wide portfolio: Packaging & Shipping, Printing Services, Warehouse Logistics and Marketing Solutions.","robots":{"index":"index","follow":"follow","max-snippet":"max-snippet:-1","max-image-preview":"max-image-preview:large","max-video-preview":"max-video-preview:-1"},"canonical":"https:\/\/www.mbe.at\/en\/about-mbe\/service-portfolio","og_locale":"en_US","og_type":"article","og_title":"Service portfolio of MBE Austria","og_description":"Discover our wide portfolio: Packaging & Shipping, Printing Services, Warehouse Logistics and Marketing Solutions.","og_url":"https:\/\/www.mbe.at\/en\/about-mbe\/service-portfolio","og_site_name":"MBE Austria","article_publisher":"https:\/\/www.facebook.com\/www.mbe.at\/","article_modified_time":"2026-04-21T15:44:26+00:00","og_image":[{"width":643,"height":20,"url":"https:\/\/www.mbe.at\/wp-content\/uploads\/2024\/02\/162_t_whoweare_store.jpg","type":"image\/png"}],"twitter_card":"summary_large_image","twitter_misc":{"Est. reading time":"1 minute"},"schema":{"@context":"https:\/\/schema.org","@graph":[{"@type":"WebPage","@id":"https:\/\/www.mbe.at\/en\/about-mbe\/service-portfolio","url":"https:\/\/www.mbe.at\/en\/about-mbe\/service-portfolio","name":"Service portfolio of MBE Austria","isPartOf":{"@id":"https:\/\/www.mbe.at\/en#website"},"primaryImageOfPage":{"@id":"https:\/\/www.mbe.at\/en\/about-mbe\/service-portfolio#primaryimage"},"image":{"@id":"https:\/\/www.mbe.at\/en\/about-mbe\/service-portfolio#primaryimage"},"thumbnailUrl":"https:\/\/www.mbe.at\/wp-content\/uploads\/2024\/02\/baffo.png","datePublished":"2024-04-25T11:38:25+00:00","dateModified":"2026-04-21T15:44:26+00:00","description":"Discover our wide portfolio: Packaging & Shipping, Printing Services, Warehouse Logistics and Marketing Solutions.","breadcrumb":{"@id":"https:\/\/www.mbe.at\/en\/about-mbe\/service-portfolio#breadcrumb"},"inLanguage":"en-US","potentialAction":[{"@type":"ReadAction","target":["https:\/\/www.mbe.at\/en\/about-mbe\/service-portfolio"]}]},{"@type":"ImageObject","inLanguage":"en-US","@id":"https:\/\/www.mbe.at\/en\/about-mbe\/service-portfolio#primaryimage","url":"https:\/\/www.mbe.at\/wp-content\/uploads\/2024\/02\/baffo.png","contentUrl":"https:\/\/www.mbe.at\/wp-content\/uploads\/2024\/02\/baffo.png"},{"@type":"BreadcrumbList","@id":"https:\/\/www.mbe.at\/en\/about-mbe\/service-portfolio#breadcrumb","itemListElement":[{"@type":"ListItem","position":1,"name":"Home","item":"https:\/\/www.mbe.at\/en\/home"},{"@type":"ListItem","position":2,"name":"About MBE","item":"https:\/\/www.mbe.at\/en\/about-mbe"},{"@type":"ListItem","position":3,"name":"Service Portfolio"}]},{"@type":"WebSite","@id":"https:\/\/www.mbe.at\/en#website","url":"https:\/\/www.mbe.at\/en","name":"MBE Austria","description":"","publisher":{"@id":"https:\/\/www.mbe.at\/en#organization"},"potentialAction":[{"@type":"SearchAction","target":{"@type":"EntryPoint","urlTemplate":"https:\/\/www.mbe.at\/en?s={search_term_string}"},"query-input":{"@type":"PropertyValueSpecification","valueRequired":true,"valueName":"search_term_string"}}],"inLanguage":"en-US"},{"@type":"Organization","@id":"https:\/\/www.mbe.at\/en#organization","name":"Mail Boxes Etc. Austria","url":"https:\/\/www.mbe.at\/en","logo":{"@type":"ImageObject","inLanguage":"en-US","@id":"https:\/\/www.mbe.at\/en#\/schema\/logo\/image\/","url":"https:\/\/www.mbe.at\/wp-content\/uploads\/2024\/02\/favicon-min.png","contentUrl":"https:\/\/www.mbe.at\/wp-content\/uploads\/2024\/02\/favicon-min.png","width":192,"height":192,"caption":"Mail Boxes Etc. Austria"},"image":{"@id":"https:\/\/www.mbe.at\/en#\/schema\/logo\/image\/"},"sameAs":["https:\/\/www.facebook.com\/www.mbe.at\/","https:\/\/www.youtube.com\/channel\/UChDXo5OuZwRmZL86gpU5sNA"]}]}},"_links":{"self":[{"href":"https:\/\/www.mbe.at\/en\/wp-json\/wp\/v2\/pages\/2552","targetHints":{"allow":["GET"]}}],"collection":[{"href":"https:\/\/www.mbe.at\/en\/wp-json\/wp\/v2\/pages"}],"about":[{"href":"https:\/\/www.mbe.at\/en\/wp-json\/wp\/v2\/types\/page"}],"author":[{"embeddable":true,"href":"https:\/\/www.mbe.at\/en\/wp-json\/wp\/v2\/users\/2"}],"replies":[{"embeddable":true,"href":"https:\/\/www.mbe.at\/en\/wp-json\/wp\/v2\/comments?post=2552"}],"version-history":[{"count":1,"href":"https:\/\/www.mbe.at\/en\/wp-json\/wp\/v2\/pages\/2552\/revisions"}],"predecessor-version":[{"id":2553,"href":"https:\/\/www.mbe.at\/en\/wp-json\/wp\/v2\/pages\/2552\/revisions\/2553"}],"up":[{"embeddable":true,"href":"https:\/\/www.mbe.at\/en\/wp-json\/wp\/v2\/pages\/2546"}],"wp:attachment":[{"href":"https:\/\/www.mbe.at\/en\/wp-json\/wp\/v2\/media?parent=2552"}],"curies":[{"name":"wp","href":"https:\/\/api.w.org\/{rel}","templated":true}]}}